{"id":11,"date":"2024-11-13T21:23:52","date_gmt":"2024-11-13T21:23:52","guid":{"rendered":"https:\/\/marcheseyasociados.cl\/?page_id=11"},"modified":"2024-11-28T09:32:07","modified_gmt":"2024-11-28T13:32:07","slug":"contacto","status":"publish","type":"page","link":"https:\/\/marcheseyasociados.cl\/index.php\/contacto\/","title":{"rendered":"Contacto"},"content":{"rendered":"\r\n<p>Para m\u00e1s informaci\u00f3n cont\u00e1ctanos al correo: <a href=\"mailto:contacto@marcheseyasociados.cl\"><strong>contacto@marcheseyasociados.cl<\/strong><\/a><\/p>\r\n<p>o llamanos a los Telefonos:<\/p>\r\n<p>+56 2 28401300 \/ +56 9 95388977<\/p>\r\n","protected":false},"excerpt":{"rendered":"<p>Para m\u00e1s informaci\u00f3n cont\u00e1ctanos al correo: contacto@marcheseyasociados.cl o llamanos a los Telefonos: +56 2 28401300 \/ +56 9 95388977<\/p>\n","protected":false},"author":1,"featured_media":58,"parent":0,"menu_order":0,"comment_status":"closed","ping_status":"closed","template":"","meta":{"footnotes":""},"class_list":["post-11","page","type-page","status-publish","has-post-thumbnail","hentry"],"_links":{"self":[{"href":"https:\/\/marcheseyasociados.cl\/index.php\/wp-json\/wp\/v2\/pages\/11","targetHints":{"allow":["GET"]}}],"collection":[{"href":"https:\/\/marcheseyasociados.cl\/index.php\/wp-json\/wp\/v2\/pages"}],"about":[{"href":"https:\/\/marcheseyasociados.cl\/index.php\/wp-json\/wp\/v2\/types\/page"}],"author":[{"embeddable":true,"href":"https:\/\/marcheseyasociados.cl\/index.php\/wp-json\/wp\/v2\/users\/1"}],"replies":[{"embeddable":true,"href":"https:\/\/marcheseyasociados.cl\/index.php\/wp-json\/wp\/v2\/comments?post=11"}],"version-history":[{"count":7,"href":"https:\/\/marcheseyasociados.cl\/index.php\/wp-json\/wp\/v2\/pages\/11\/revisions"}],"predecessor-version":[{"id":97,"href":"https:\/\/marcheseyasociados.cl\/index.php\/wp-json\/wp\/v2\/pages\/11\/revisions\/97"}],"wp:featuredmedia":[{"embeddable":true,"href":"https:\/\/marcheseyasociados.cl\/index.php\/wp-json\/wp\/v2\/media\/58"}],"wp:attachment":[{"href":"https:\/\/marcheseyasociados.cl\/index.php\/wp-json\/wp\/v2\/media?parent=11"}],"curies":[{"name":"wp","href":"https:\/\/api.w.org\/{rel}","templated":true}]}}