{"id":9,"date":"2024-11-13T21:23:52","date_gmt":"2024-11-13T21:23:52","guid":{"rendered":"https:\/\/marcheseyasociados.cl\/?page_id=9"},"modified":"2024-11-27T16:04:06","modified_gmt":"2024-11-27T20:04:06","slug":"inicio","status":"publish","type":"page","link":"https:\/\/marcheseyasociados.cl\/","title":{"rendered":"Marchese y Asociados"},"content":{"rendered":"<p>Somos un grupo de profesionales de vasta experiencia reunidos para brindar servicios personalizados y de un est\u00e1ndar diferenciado en materias tributarias y contables.<\/p>\n<p>Nuestros socios y asociados cuentan con m\u00e1s de veinte a\u00f1os de ejercicio profesional, todos, importantes actores en la industria de la consultor\u00eda y especializados en amplias estructuras societarias, grupos econ\u00f3micos, family office, Inmobiliarias, entre otras industrias.<\/p>\n","protected":false},"excerpt":{"rendered":"<p>Somos un grupo de profesionales de vasta experiencia reunidos para brindar servicios personalizados y de un est\u00e1ndar diferenciado en materias tributarias y contables. Nuestros socios y asociados cuentan con m\u00e1s de veinte a\u00f1os de ejercicio profesional, todos, importantes actores en la industria de la consultor\u00eda y especializados en amplias estructuras societarias, grupos econ\u00f3micos, family office, &hellip; <\/p>\n<p class=\"link-more\"><a href=\"https:\/\/marcheseyasociados.cl\/\" class=\"more-link\">Continuar leyendo<span class=\"screen-reader-text\"> \u00abMarchese y Asociados\u00bb<\/span><\/a><\/p>\n","protected":false},"author":1,"featured_media":0,"parent":0,"menu_order":0,"comment_status":"closed","ping_status":"closed","template":"","meta":{"footnotes":""},"class_list":["post-9","page","type-page","status-publish","hentry"],"_links":{"self":[{"href":"https:\/\/marcheseyasociados.cl\/index.php\/wp-json\/wp\/v2\/pages\/9","targetHints":{"allow":["GET"]}}],"collection":[{"href":"https:\/\/marcheseyasociados.cl\/index.php\/wp-json\/wp\/v2\/pages"}],"about":[{"href":"https:\/\/marcheseyasociados.cl\/index.php\/wp-json\/wp\/v2\/types\/page"}],"author":[{"embeddable":true,"href":"https:\/\/marcheseyasociados.cl\/index.php\/wp-json\/wp\/v2\/users\/1"}],"replies":[{"embeddable":true,"href":"https:\/\/marcheseyasociados.cl\/index.php\/wp-json\/wp\/v2\/comments?post=9"}],"version-history":[{"count":5,"href":"https:\/\/marcheseyasociados.cl\/index.php\/wp-json\/wp\/v2\/pages\/9\/revisions"}],"predecessor-version":[{"id":80,"href":"https:\/\/marcheseyasociados.cl\/index.php\/wp-json\/wp\/v2\/pages\/9\/revisions\/80"}],"wp:attachment":[{"href":"https:\/\/marcheseyasociados.cl\/index.php\/wp-json\/wp\/v2\/media?parent=9"}],"curies":[{"name":"wp","href":"https:\/\/api.w.org\/{rel}","templated":true}]}}